{"id":3397,"date":"2025-06-12T16:32:15","date_gmt":"2025-06-12T14:32:15","guid":{"rendered":"https:\/\/akuatroenergy.com\/?page_id=3397"},"modified":"2025-06-12T16:32:15","modified_gmt":"2025-06-12T14:32:15","slug":"politica-de-privacidad","status":"publish","type":"page","link":"https:\/\/akuatroenergy.com\/es\/politica-de-privacidad\/","title":{"rendered":"Pol\u00edtica de Privacidad"},"content":{"rendered":"<div class=\"page-header\">\n<h1 class=\"entry-title\">POL\u00cdTICA DE PRIVACIDAD RGPD<\/h1>\n<\/div>\n<div class=\"page-content\">\n<h3 class=\"wp-block-heading\"><strong><span class=\"has-inline-color\">\u00bfQui\u00e9n es el responsable del tratamiento de tus datos?<\/span><\/strong><\/h3>\n<p>MLG Electrosolar Granada, S.L.\u00a0(en adelante MLG), con CIF B18846709<\/p>\n<p>Direcci\u00f3n Fiscal: P.I. El mirador de Sierra NE, 11, 18339 Cijuela, Granada, Espa\u00f1a<\/p>\n<p>Tlf:\u00a0 958 515 285 \u00a0Email:\u00a0hola@mlgelectrosolar.com<\/p>\n<h3 class=\"wp-block-heading\"><strong><span class=\"has-inline-color\">\u00bfCon qu\u00e9 finalidad tratamos tus datos personales?<\/span><\/strong><\/h3>\n<p>En MLG tratamos la informaci\u00f3n que nos facilitan las personas interesadas a trav\u00e9s de nuestros formularios de contacto o llamada telef\u00f3nica con el fin de dar informaci\u00f3n de car\u00e1cter comercial sobre nuestros productos y servicios. En caso de rellenar los formularios pidiendo informaci\u00f3n o contactarnos por chat directamente, estar\u00e1s aceptando que nos pongamos en contacto contigo para este fin.<\/p>\n<h3 class=\"wp-block-heading\"><strong><span class=\"has-inline-color\">\u00bfPor cu\u00e1nto tiempo conservaremos tus datos?<\/span><\/strong><\/h3>\n<p>Los datos personales proporcionados por tu parte a trav\u00e9s de nuestra web www.mlgelectrosolar.com , v\u00eda email o formulario de contacto se conservar\u00e1n con el fin de mantenerte informado de nuestros productos y servicios hasta que t\u00fa nos indiques lo contrario o se extinga la relaci\u00f3n comercial.<\/p>\n<h3 class=\"wp-block-heading\"><strong><span class=\"has-inline-color\">\u00bfCu\u00e1l es la legitimaci\u00f3n para el tratamiento de tus datos?<\/span><\/strong><\/h3>\n<p>La base legal para el tratamiento de sus datos es tu consentimiento libre e inequ\u00edvoco sobre la solicitud que nos realizas pidi\u00e9ndonos informaci\u00f3n sobre nuestros productos o servicios.<\/p>\n<h3 class=\"wp-block-heading\"><strong><span class=\"has-inline-color\">\u00bfA qu\u00e9 destinatarios se comunicar\u00e1n sus datos?<\/span><\/strong><\/h3>\n<p>Los datos no se comunicar\u00e1n ni ceder\u00e1n a terceros ajenos a la empresa salvo sin tu consentimiento. No obstante y para la prestaci\u00f3n del servicio, es posible que ciertos proveedores nuestros puedan tener acceso a la informaci\u00f3n que nos proporciones\u00a0ya que en la empresa subcontratamos algunos servicios, tales como el de hosting. Todos los terceros con los que\u00a0MLG\u00a0trabaja est\u00e1n en cumplimiento de lo establecido en el RGPD. Para m\u00e1s informaci\u00f3n sobre este tema no dudes en contactarnos para darte m\u00e1s informaci\u00f3n.<\/p>\n<h3 class=\"wp-block-heading\"><strong><span class=\"has-inline-color\">\u00bfCu\u00e1les son tus derechos cuando nos facilitas tus datos?<\/span><\/strong><\/h3>\n<p>Cualquier persona tiene derecho a obtener confirmaci\u00f3n sobre si en\u00a0MLG estamos tratando datos personales que les conciernan, o no.<\/p>\n<p>Las personas interesadas tienen derecho a acceder a sus datos personales, as\u00ed como a solicitar la rectificaci\u00f3n de los datos inexactos o, en su caso, solicitar su supresi\u00f3n cuando, entre otros motivos, los datos ya no sean necesarios para los fines que fueron recogidos. Adicionalmente, se puede ejercer el derecho a la portabilidad de la informaci\u00f3n que\u00a0MLG mantiene de ti, de forma que siempre te la daremos en un formato legible y de uso com\u00fan, as\u00ed como a la cancelaci\u00f3n y borrado de los datos que tengamos de ti, siempre y cuando el borrado no implique el incumplimiento de legislaci\u00f3n por nuestra parte, en cuyo caso los bloquearemos para motivos hist\u00f3ricos \u00fanicamente para el uso de las acciones previstas en dicha normativa.<\/p>\n<p>Para ello basta con que nos env\u00edes un email solicit\u00e1ndoslo a\u00a0hola@mlgelectrosolar.es y comenzaremos con el tr\u00e1mite necesario.<\/p>\n<h3 class=\"wp-block-heading\"><strong><span class=\"has-inline-color\">\u00bfC\u00f3mo obtenemos tus datos?<\/span><\/strong><\/h3>\n<p>Los datos personales que tratamos en\u00a0MLG siempre proceden del interesado y son proporcionados por t\u00ed en los diferentes medios de recogida de datos de la web.<\/p>\n<p>Las categor\u00edas de datos que se tratan son: Datos de identificaci\u00f3n\u00a0b\u00e1sicos, direcciones postales o electr\u00f3nicas. No se tratan datos especialmente protegidos.<\/p>\n<h3 class=\"wp-block-heading\"><strong><span class=\"has-inline-color\">INFORMACI\u00d3N SOBRE COOKIES<\/span><\/strong><\/h3>\n<p>\u00bfQu\u00e9 es una cookie?<\/p>\n<p>Una cookie es un fichero que se descarga en su ordenador al acceder a determinadas p\u00e1ginas web. Las cookies permiten a una p\u00e1gina web, entre otras cosas, almacenar y recuperar informaci\u00f3n sobre los h\u00e1bitos de navegaci\u00f3n de un usuario o de su equipo y, dependiendo de la informaci\u00f3n que contengan y de la forma en que utilice su equipo, pueden utilizarse para reconocer al usuario.<\/p>\n<p>\u00bfQu\u00e9 tipos de cookies utiliza MLG?<\/p>\n<p>Seg\u00fan el plazo de tiempo que permanecen activas las cookies pueden ser:<\/p>\n<p><strong>Cookies de sesi\u00f3n<\/strong>: dise\u00f1adas para recabar y almacenar datos mientras el usuario accede a una p\u00e1gina web. Se suelen emplear para almacenar informaci\u00f3n que s\u00f3lo interesa conservar para la prestaci\u00f3n del servicio solicitado por el usuario en una sola ocasi\u00f3n (por ejemplo, una lista de productos adquiridos).<\/p>\n<p><strong>Cookies persistentes<\/strong>: Son un tipo de cookies por las que los datos siguen almacenados en el terminal y puede accederse a ellos y ser tratados durante un periodo definido. Tienen fecha de borrado. Se utilizan por ejemplo procesos de compra o registro para evitar tener que introducir nuestros datos constantemente.<\/p>\n<p>Seg\u00fan quien sea la entidad que gestione el equipo o dominio desde donde se env\u00edan las cookies y trate los datos que se obtengan, podemos distinguir:<\/p>\n<p><strong>Cookies propias<\/strong>: Son aquellas que se env\u00edan al dispositivo del usuario gestionadas exclusivamente por nosotros para el mejor funcionamiento del sitio.<\/p>\n<p><strong>Cookies de terceros<\/strong>: Son aquellas que se env\u00edan al dispositivo del usuario desde un equipo o dominio que no es gestionado por nosotros sino por otra entidad, que tratar\u00e1 los datos obtenidos.<\/p>\n<p>Cuando navegues por\u00a0nuestra web se pueden instalar en tu dispositivo las siguientes cookies:<\/p>\n<p><strong>Cookies de registro<\/strong>: Cuando el usuario entra en nuestra web e inicia sesi\u00f3n se instala una cookie propia y temporal para que pueda navegar por su zona de usuario sin tener que introducir sus datos continuamente. Esta cookie desaparecer\u00e1 cuando cierre sesi\u00f3n.<\/p>\n<p><strong>Cookies de an\u00e1lisis<\/strong>: Sirven para estudiar el comportamiento de los usuarios de forma an\u00f3nima al navegar por nuestra web. As\u00ed podremos conocer los contenidos m\u00e1s vistos, el n\u00famero de visitantes, etc. Una informaci\u00f3n que utilizaremos para mejorar la experiencia de navegaci\u00f3n y optimizar nuestros servicios. Pueden ser propias pero tambi\u00e9n de terceros. Entre \u00e9stas \u00faltimas se encuentran las cookies de Google Analytics.<\/p>\n<\/div>\n","protected":false},"excerpt":{"rendered":"<p>POL\u00cdTICA DE PRIVACIDAD RGPD \u00bfQui\u00e9n es el responsable del tratamiento de tus datos? MLG Electrosolar Granada, S.L.\u00a0(en adelante MLG), con CIF B18846709 Direcci\u00f3n Fiscal: P.I. El mirador de Sierra NE, 11, 18339 Cijuela, Granada, Espa\u00f1a Tlf:\u00a0 958 515 285 \u00a0Email:\u00a0hola@mlgelectrosolar.com \u00bfCon qu\u00e9 finalidad tratamos tus datos personales? En MLG tratamos la informaci\u00f3n que nos facilitan [&hellip;]<\/p>\n","protected":false},"author":1,"featured_media":0,"parent":0,"menu_order":0,"comment_status":"closed","ping_status":"closed","template":"","meta":{"_joinchat":[],"footnotes":""},"class_list":["post-3397","page","type-page","status-publish","hentry"],"yoast_head":"<!-- This site is optimized with the Yoast SEO plugin v25.4 - https:\/\/yoast.com\/wordpress\/plugins\/seo\/ -->\n<title>Pol\u00edtica de Privacidad - Akuatro<\/title>\n<meta name=\"robots\" content=\"index, follow, max-snippet:-1, max-image-preview:large, max-video-preview:-1\" \/>\n<link rel=\"canonical\" href=\"https:\/\/akuatroenergy.com\/es\/politica-de-privacidad\/\" \/>\n<meta property=\"og:locale\" content=\"es_ES\" \/>\n<meta property=\"og:type\" content=\"article\" \/>\n<meta property=\"og:title\" content=\"Pol\u00edtica de Privacidad - Akuatro\" \/>\n<meta property=\"og:description\" content=\"POL\u00cdTICA DE PRIVACIDAD RGPD \u00bfQui\u00e9n es el responsable del tratamiento de tus datos? MLG Electrosolar Granada, S.L.\u00a0(en adelante MLG), con CIF B18846709 Direcci\u00f3n Fiscal: P.I. El mirador de Sierra NE, 11, 18339 Cijuela, Granada, Espa\u00f1a Tlf:\u00a0 958 515 285 \u00a0Email:\u00a0hola@mlgelectrosolar.com \u00bfCon qu\u00e9 finalidad tratamos tus datos personales? En MLG tratamos la informaci\u00f3n que nos facilitan [&hellip;]\" \/>\n<meta property=\"og:url\" content=\"https:\/\/akuatroenergy.com\/es\/politica-de-privacidad\/\" \/>\n<meta property=\"og:site_name\" content=\"Akuatro\" \/>\n<meta name=\"twitter:card\" content=\"summary_large_image\" \/>\n<script type=\"application\/ld+json\" class=\"yoast-schema-graph\">{\"@context\":\"https:\/\/schema.org\",\"@graph\":[{\"@type\":\"WebPage\",\"@id\":\"https:\/\/akuatroenergy.com\/es\/politica-de-privacidad\/\",\"url\":\"https:\/\/akuatroenergy.com\/es\/politica-de-privacidad\/\",\"name\":\"Pol\u00edtica de Privacidad - Akuatro\",\"isPartOf\":{\"@id\":\"https:\/\/akuatroenergy.com\/#website\"},\"datePublished\":\"2025-06-12T14:32:15+00:00\",\"breadcrumb\":{\"@id\":\"https:\/\/akuatroenergy.com\/es\/politica-de-privacidad\/#breadcrumb\"},\"inLanguage\":\"es\",\"potentialAction\":[{\"@type\":\"ReadAction\",\"target\":[\"https:\/\/akuatroenergy.com\/es\/politica-de-privacidad\/\"]}]},{\"@type\":\"BreadcrumbList\",\"@id\":\"https:\/\/akuatroenergy.com\/es\/politica-de-privacidad\/#breadcrumb\",\"itemListElement\":[{\"@type\":\"ListItem\",\"position\":1,\"name\":\"Home\",\"item\":\"https:\/\/akuatroenergy.com\/es\/\"},{\"@type\":\"ListItem\",\"position\":2,\"name\":\"Pol\u00edtica de Privacidad\"}]},{\"@type\":\"WebSite\",\"@id\":\"https:\/\/akuatroenergy.com\/#website\",\"url\":\"https:\/\/akuatroenergy.com\/\",\"name\":\"Akuatro\",\"description\":\"\",\"potentialAction\":[{\"@type\":\"SearchAction\",\"target\":{\"@type\":\"EntryPoint\",\"urlTemplate\":\"https:\/\/akuatroenergy.com\/?s={search_term_string}\"},\"query-input\":{\"@type\":\"PropertyValueSpecification\",\"valueRequired\":true,\"valueName\":\"search_term_string\"}}],\"inLanguage\":\"es\"}]}<\/script>\n<!-- \/ Yoast SEO plugin. -->","yoast_head_json":{"title":"Pol\u00edtica de Privacidad - Akuatro","robots":{"index":"index","follow":"follow","max-snippet":"max-snippet:-1","max-image-preview":"max-image-preview:large","max-video-preview":"max-video-preview:-1"},"canonical":"https:\/\/akuatroenergy.com\/es\/politica-de-privacidad\/","og_locale":"es_ES","og_type":"article","og_title":"Pol\u00edtica de Privacidad - Akuatro","og_description":"POL\u00cdTICA DE PRIVACIDAD RGPD \u00bfQui\u00e9n es el responsable del tratamiento de tus datos? MLG Electrosolar Granada, S.L.\u00a0(en adelante MLG), con CIF B18846709 Direcci\u00f3n Fiscal: P.I. El mirador de Sierra NE, 11, 18339 Cijuela, Granada, Espa\u00f1a Tlf:\u00a0 958 515 285 \u00a0Email:\u00a0hola@mlgelectrosolar.com \u00bfCon qu\u00e9 finalidad tratamos tus datos personales? En MLG tratamos la informaci\u00f3n que nos facilitan [&hellip;]","og_url":"https:\/\/akuatroenergy.com\/es\/politica-de-privacidad\/","og_site_name":"Akuatro","twitter_card":"summary_large_image","schema":{"@context":"https:\/\/schema.org","@graph":[{"@type":"WebPage","@id":"https:\/\/akuatroenergy.com\/es\/politica-de-privacidad\/","url":"https:\/\/akuatroenergy.com\/es\/politica-de-privacidad\/","name":"Pol\u00edtica de Privacidad - Akuatro","isPartOf":{"@id":"https:\/\/akuatroenergy.com\/#website"},"datePublished":"2025-06-12T14:32:15+00:00","breadcrumb":{"@id":"https:\/\/akuatroenergy.com\/es\/politica-de-privacidad\/#breadcrumb"},"inLanguage":"es","potentialAction":[{"@type":"ReadAction","target":["https:\/\/akuatroenergy.com\/es\/politica-de-privacidad\/"]}]},{"@type":"BreadcrumbList","@id":"https:\/\/akuatroenergy.com\/es\/politica-de-privacidad\/#breadcrumb","itemListElement":[{"@type":"ListItem","position":1,"name":"Home","item":"https:\/\/akuatroenergy.com\/es\/"},{"@type":"ListItem","position":2,"name":"Pol\u00edtica de Privacidad"}]},{"@type":"WebSite","@id":"https:\/\/akuatroenergy.com\/#website","url":"https:\/\/akuatroenergy.com\/","name":"Akuatro","description":"","potentialAction":[{"@type":"SearchAction","target":{"@type":"EntryPoint","urlTemplate":"https:\/\/akuatroenergy.com\/?s={search_term_string}"},"query-input":{"@type":"PropertyValueSpecification","valueRequired":true,"valueName":"search_term_string"}}],"inLanguage":"es"}]}},"_links":{"self":[{"href":"https:\/\/akuatroenergy.com\/es\/wp-json\/wp\/v2\/pages\/3397","targetHints":{"allow":["GET"]}}],"collection":[{"href":"https:\/\/akuatroenergy.com\/es\/wp-json\/wp\/v2\/pages"}],"about":[{"href":"https:\/\/akuatroenergy.com\/es\/wp-json\/wp\/v2\/types\/page"}],"author":[{"embeddable":true,"href":"https:\/\/akuatroenergy.com\/es\/wp-json\/wp\/v2\/users\/1"}],"replies":[{"embeddable":true,"href":"https:\/\/akuatroenergy.com\/es\/wp-json\/wp\/v2\/comments?post=3397"}],"version-history":[{"count":1,"href":"https:\/\/akuatroenergy.com\/es\/wp-json\/wp\/v2\/pages\/3397\/revisions"}],"predecessor-version":[{"id":3398,"href":"https:\/\/akuatroenergy.com\/es\/wp-json\/wp\/v2\/pages\/3397\/revisions\/3398"}],"wp:attachment":[{"href":"https:\/\/akuatroenergy.com\/es\/wp-json\/wp\/v2\/media?parent=3397"}],"curies":[{"name":"wp","href":"https:\/\/api.w.org\/{rel}","templated":true}]}}