{"id":3395,"date":"2025-06-12T16:31:35","date_gmt":"2025-06-12T14:31:35","guid":{"rendered":"https:\/\/akuatroenergy.com\/?page_id=3395"},"modified":"2025-06-12T16:31:47","modified_gmt":"2025-06-12T14:31:47","slug":"aviso-legal","status":"publish","type":"page","link":"https:\/\/akuatroenergy.com\/es\/aviso-legal\/","title":{"rendered":"Aviso Legal"},"content":{"rendered":"<p>MLG Electrosolar Granada, S.L., en cumplimiento de la Ley 34\/2002, de 11 de julio, de servicios de la sociedad de la informaci\u00f3n y de comercio electr\u00f3nico, le informa de los siguientes puntos:<\/p>\n<ol class=\"wp-block-list\">\n<li>El CIF es B18846709<\/li>\n<li>Direcci\u00f3n: P.I. El mirador de Sierra NE, 11, 18339 Cijuela, Granada, Espa\u00f1a.<\/li>\n<li>Web: https:\/\/www.mlgelectrosolar.com\/<\/li>\n<li>Correo electr\u00f3nico: hola@mlgelectrosolar.com<\/li>\n<\/ol>\n<h3 class=\"wp-block-heading\"><strong><span class=\"has-inline-color\">TERMINOS Y CONDICIONES DE USO<\/span><\/strong><\/h3>\n<p>Al acceder al sitio Web ubicado en la direcci\u00f3n\u00a0<strong>https:\/\/www.mlgelectrosolar.com<\/strong>\u00a0(en adelante, el \u00abSitio Web\u00bb), que es propiedad de MLG Electrosolar Granada, S.L. y\/o a cualquiera de las p\u00e1ginas que a trav\u00e9s del mismo puede conocer, el usuario asume el compromiso de seguir y cumplir los t\u00e9rminos y condiciones que se indicar\u00e1n a continuaci\u00f3n (en adelante los \u00abT\u00e9rminos y Condiciones\u00bb). En caso de que no est\u00e9 de acuerdo con los T\u00e9rminos y Condiciones le rogamos que se abstenga de utilizar el Sitio Web.<\/p>\n<h3 class=\"wp-block-heading\"><strong><span class=\"has-inline-color\">PROPIEDAD INTELECTUAL<\/span><\/strong><\/h3>\n<p>Los derechos de propiedad intelectual del sitio Web\u00a0<a href=\"http:\/\/www.olivershopping.es\/\">https:\/\/www.mlgelectrosolar.com<\/a>\u00a0y de los distintos elementos en \u00e9l contenidos son titularidad de MLG Electrosolar Granada, S.L. Queda prohibida la reproducci\u00f3n, total o parcial, distribuci\u00f3n, comercializaci\u00f3n o transformaci\u00f3n de cualquiera de los contenidos de la p\u00e1gina web.<\/p>\n<h3 class=\"wp-block-heading\"><strong><span class=\"has-inline-color\">INFORMACI\u00d3N SOBRE PROPIEDAD INTELECTUAL RESPONSABILIDAD POR EL PROCESO Y USO DE LOS CONTENIDOS EN INTERNET<\/span><\/strong><\/h3>\n<p>MLG Electrosolar Granada, S.L. no se responsabiliza del posible uso inapropiado que terceros realicen de esta p\u00e1gina Web, ni de la informaci\u00f3n que a trav\u00e9s de ella transmitan a terceros. El uso que de estos pueda hacer el usuario y las eventuales consecuencias, da\u00f1os o perjuicios que pudiesen derivarse, son de la exclusiva responsabilidad del usuario. MLG Electrosolar Granada, S.L. se reserva el derecho de ejercitar las acciones legales que considere oportunas derivadas de cualesquiera usos il\u00edcitos por parte de terceros de los contenidos de su p\u00e1gina Web. La utilizaci\u00f3n no autorizada de la informaci\u00f3n contenida en esta Web, as\u00ed como la lesi\u00f3n de los derechos de Propiedad Intelectual, dar\u00e1 lugar a las responsabilidades legalmente establecidas.<\/p>\n<h3 class=\"wp-block-heading\"><strong><span class=\"has-inline-color\">SERVICIOS PRESTADOS A TRAV\u00c9S DEL PORTAL<\/span><\/strong><\/h3>\n<p>MLG Electrosolar Granada, S.L. no se hace responsable de los posibles errores de seguridad que se puedan producir ni de los posibles da\u00f1os que puedan causarse al sistema inform\u00e1tico del usuario (hardware y software), los ficheros o documentos almacenados en el mismo, como consecuencia de la presencia de virus en el ordenador del usuario utilizado para la conexi\u00f3n a los servicios y contenidos de https:\/\/www.mlgelectrosolar.com, o debidos a un mal funcionamiento del navegador o del uso de versiones no actualizadas del mismo.<\/p>\n<p>MLG Electrosolar Granada, S.L. se reserva la facultad de efectuar, en cualquier momento y sin necesidad de previo aviso, modificaciones y actualizaciones la informaci\u00f3n contenida en su Web o en la configuraci\u00f3n y presentaci\u00f3n de \u00e9ste.<\/p>\n<p>MLG Electrosolar Granada, S.L. no garantiza la inexistencia de errores en el acceso al Web, en su contenido, ni que \u00e9ste se encuentre actualizado, aunque desarrollar\u00e1 sus mejores esfuerzos para, en su caso, evitarlos, subsanarlos o actualizarlos.<\/p>\n<p>Tanto el acceso a este Web como el uso que pueda hacerse de la informaci\u00f3n contenida en el mismo es de la exclusiva responsabilidad de quien lo realiza. El usuario ser\u00e1 responsable de todas las acciones que realice con su identificador de usuario.<\/p>\n<h3 class=\"wp-block-heading\"><strong><span class=\"has-inline-color\">INFORMACI\u00d3N SOBRE COOKIES<\/span><\/strong><\/h3>\n<p>\u00bfQu\u00e9 es una cookie?<\/p>\n<p>Una cookie es un fichero que se descarga en su ordenador al acceder a determinadas p\u00e1ginas web. Las cookies permiten a una p\u00e1gina web, entre otras cosas, almacenar y recuperar informaci\u00f3n sobre los h\u00e1bitos de navegaci\u00f3n de un usuario o de su equipo y, dependiendo de la informaci\u00f3n que contengan y de la forma en que utilice su equipo, pueden utilizarse para reconocer al usuario.<\/p>\n<p>\u00bfQu\u00e9 tipos de cookies utiliza https:\/\/www.mlgelectrosolar.com?<\/p>\n<p>Seg\u00fan el plazo de tiempo que permanecen activas las cookies pueden ser:<\/p>\n<p>Cookies de sesi\u00f3n: dise\u00f1adas para recabar y almacenar datos mientras el usuario accede a una p\u00e1gina web. Se suelen emplear para almacenar informaci\u00f3n que s\u00f3lo interesa conservar para la prestaci\u00f3n del servicio solicitado por el usuario en una sola ocasi\u00f3n (por ejemplo, una lista de productos adquiridos).<\/p>\n<p><strong>Cookies persistentes:<\/strong>\u00a0Son un tipo de cookies por las que los datos siguen almacenados en el terminal y puede accederse a ellos y ser tratados durante un periodo definido. Tienen fecha de borrado. Se utilizan por ejemplo procesos de compra o registro para evitar tener que introducir nuestros datos constantemente.<\/p>\n<p>Seg\u00fan quien sea la entidad que gestione el equipo o dominio desde donde se env\u00edan las cookies y trate los datos que se obtengan, podemos distinguir:<\/p>\n<p><strong>Cookies propias<\/strong>: Son aquellas que se env\u00edan al dispositivo del usuario gestionadas exclusivamente por nosotros para el mejor funcionamiento del sitio.<\/p>\n<p><strong>Cookies de terceros:<\/strong>\u00a0Son aquellas que se env\u00edan al dispositivo del usuario desde un equipo o dominio que no es gestionado por nosotros sino por otra entidad, que tratar\u00e1 los datos obtenidos.<\/p>\n<p>Cuando navegues por https:\/\/www.mlgelectrosolar.com se pueden instalar en tu dispositivo las siguientes cookies:<\/p>\n<p><strong>Cookies de registro:<\/strong>\u00a0Cuando el usuario entra en nuestra web e inicia sesi\u00f3n se instala una cookie propia y temporal para que pueda navegar por su zona de usuario sin tener que introducir sus datos continuamente. Esta cookie desaparecer\u00e1 cuando cierre sesi\u00f3n.<\/p>\n<p><strong>Cookies de an\u00e1lisis:<\/strong>\u00a0Sirven para estudiar el comportamiento de los usuarios de forma an\u00f3nima al navegar por nuestra web. As\u00ed podremos conocer los contenidos m\u00e1s vistos, el n\u00famero de visitantes, etc. Una informaci\u00f3n que utilizaremos para mejorar la experiencia de navegaci\u00f3n y optimizar nuestros servicios. Pueden ser propias pero tambi\u00e9n de terceros. Entre \u00e9stas \u00faltimas se encuentran las cookies de Google Analytics.<\/p>\n","protected":false},"excerpt":{"rendered":"<p>MLG Electrosolar Granada, S.L., en cumplimiento de la Ley 34\/2002, de 11 de julio, de servicios de la sociedad de la informaci\u00f3n y de comercio electr\u00f3nico, le informa de los siguientes puntos: El CIF es B18846709 Direcci\u00f3n: P.I. El mirador de Sierra NE, 11, 18339 Cijuela, Granada, Espa\u00f1a. Web: https:\/\/www.mlgelectrosolar.com\/ Correo electr\u00f3nico: hola@mlgelectrosolar.com TERMINOS Y [&hellip;]<\/p>\n","protected":false},"author":1,"featured_media":0,"parent":0,"menu_order":0,"comment_status":"closed","ping_status":"closed","template":"","meta":{"_joinchat":[],"footnotes":""},"class_list":["post-3395","page","type-page","status-publish","hentry"],"yoast_head":"<!-- This site is optimized with the Yoast SEO plugin v25.4 - https:\/\/yoast.com\/wordpress\/plugins\/seo\/ -->\n<title>Aviso Legal - Akuatro<\/title>\n<meta name=\"robots\" content=\"index, follow, max-snippet:-1, max-image-preview:large, max-video-preview:-1\" \/>\n<link rel=\"canonical\" href=\"https:\/\/akuatroenergy.com\/es\/aviso-legal\/\" \/>\n<meta property=\"og:locale\" content=\"es_ES\" \/>\n<meta property=\"og:type\" content=\"article\" \/>\n<meta property=\"og:title\" content=\"Aviso Legal - Akuatro\" \/>\n<meta property=\"og:description\" content=\"MLG Electrosolar Granada, S.L., en cumplimiento de la Ley 34\/2002, de 11 de julio, de servicios de la sociedad de la informaci\u00f3n y de comercio electr\u00f3nico, le informa de los siguientes puntos: El CIF es B18846709 Direcci\u00f3n: P.I. El mirador de Sierra NE, 11, 18339 Cijuela, Granada, Espa\u00f1a. Web: https:\/\/www.mlgelectrosolar.com\/ Correo electr\u00f3nico: hola@mlgelectrosolar.com TERMINOS Y [&hellip;]\" \/>\n<meta property=\"og:url\" content=\"https:\/\/akuatroenergy.com\/es\/aviso-legal\/\" \/>\n<meta property=\"og:site_name\" content=\"Akuatro\" \/>\n<meta property=\"article:modified_time\" content=\"2025-06-12T14:31:47+00:00\" \/>\n<meta name=\"twitter:card\" content=\"summary_large_image\" \/>\n<meta name=\"twitter:label1\" content=\"Tiempo de lectura\" \/>\n\t<meta name=\"twitter:data1\" content=\"4 minutos\" \/>\n<script type=\"application\/ld+json\" class=\"yoast-schema-graph\">{\"@context\":\"https:\/\/schema.org\",\"@graph\":[{\"@type\":\"WebPage\",\"@id\":\"https:\/\/akuatroenergy.com\/es\/aviso-legal\/\",\"url\":\"https:\/\/akuatroenergy.com\/es\/aviso-legal\/\",\"name\":\"Aviso Legal - Akuatro\",\"isPartOf\":{\"@id\":\"https:\/\/akuatroenergy.com\/#website\"},\"datePublished\":\"2025-06-12T14:31:35+00:00\",\"dateModified\":\"2025-06-12T14:31:47+00:00\",\"breadcrumb\":{\"@id\":\"https:\/\/akuatroenergy.com\/es\/aviso-legal\/#breadcrumb\"},\"inLanguage\":\"es\",\"potentialAction\":[{\"@type\":\"ReadAction\",\"target\":[\"https:\/\/akuatroenergy.com\/es\/aviso-legal\/\"]}]},{\"@type\":\"BreadcrumbList\",\"@id\":\"https:\/\/akuatroenergy.com\/es\/aviso-legal\/#breadcrumb\",\"itemListElement\":[{\"@type\":\"ListItem\",\"position\":1,\"name\":\"Home\",\"item\":\"https:\/\/akuatroenergy.com\/es\/\"},{\"@type\":\"ListItem\",\"position\":2,\"name\":\"Aviso Legal\"}]},{\"@type\":\"WebSite\",\"@id\":\"https:\/\/akuatroenergy.com\/#website\",\"url\":\"https:\/\/akuatroenergy.com\/\",\"name\":\"Akuatro\",\"description\":\"\",\"potentialAction\":[{\"@type\":\"SearchAction\",\"target\":{\"@type\":\"EntryPoint\",\"urlTemplate\":\"https:\/\/akuatroenergy.com\/?s={search_term_string}\"},\"query-input\":{\"@type\":\"PropertyValueSpecification\",\"valueRequired\":true,\"valueName\":\"search_term_string\"}}],\"inLanguage\":\"es\"}]}<\/script>\n<!-- \/ Yoast SEO plugin. -->","yoast_head_json":{"title":"Aviso Legal - Akuatro","robots":{"index":"index","follow":"follow","max-snippet":"max-snippet:-1","max-image-preview":"max-image-preview:large","max-video-preview":"max-video-preview:-1"},"canonical":"https:\/\/akuatroenergy.com\/es\/aviso-legal\/","og_locale":"es_ES","og_type":"article","og_title":"Aviso Legal - Akuatro","og_description":"MLG Electrosolar Granada, S.L., en cumplimiento de la Ley 34\/2002, de 11 de julio, de servicios de la sociedad de la informaci\u00f3n y de comercio electr\u00f3nico, le informa de los siguientes puntos: El CIF es B18846709 Direcci\u00f3n: P.I. El mirador de Sierra NE, 11, 18339 Cijuela, Granada, Espa\u00f1a. Web: https:\/\/www.mlgelectrosolar.com\/ Correo electr\u00f3nico: hola@mlgelectrosolar.com TERMINOS Y [&hellip;]","og_url":"https:\/\/akuatroenergy.com\/es\/aviso-legal\/","og_site_name":"Akuatro","article_modified_time":"2025-06-12T14:31:47+00:00","twitter_card":"summary_large_image","twitter_misc":{"Tiempo de lectura":"4 minutos"},"schema":{"@context":"https:\/\/schema.org","@graph":[{"@type":"WebPage","@id":"https:\/\/akuatroenergy.com\/es\/aviso-legal\/","url":"https:\/\/akuatroenergy.com\/es\/aviso-legal\/","name":"Aviso Legal - Akuatro","isPartOf":{"@id":"https:\/\/akuatroenergy.com\/#website"},"datePublished":"2025-06-12T14:31:35+00:00","dateModified":"2025-06-12T14:31:47+00:00","breadcrumb":{"@id":"https:\/\/akuatroenergy.com\/es\/aviso-legal\/#breadcrumb"},"inLanguage":"es","potentialAction":[{"@type":"ReadAction","target":["https:\/\/akuatroenergy.com\/es\/aviso-legal\/"]}]},{"@type":"BreadcrumbList","@id":"https:\/\/akuatroenergy.com\/es\/aviso-legal\/#breadcrumb","itemListElement":[{"@type":"ListItem","position":1,"name":"Home","item":"https:\/\/akuatroenergy.com\/es\/"},{"@type":"ListItem","position":2,"name":"Aviso Legal"}]},{"@type":"WebSite","@id":"https:\/\/akuatroenergy.com\/#website","url":"https:\/\/akuatroenergy.com\/","name":"Akuatro","description":"","potentialAction":[{"@type":"SearchAction","target":{"@type":"EntryPoint","urlTemplate":"https:\/\/akuatroenergy.com\/?s={search_term_string}"},"query-input":{"@type":"PropertyValueSpecification","valueRequired":true,"valueName":"search_term_string"}}],"inLanguage":"es"}]}},"_links":{"self":[{"href":"https:\/\/akuatroenergy.com\/es\/wp-json\/wp\/v2\/pages\/3395","targetHints":{"allow":["GET"]}}],"collection":[{"href":"https:\/\/akuatroenergy.com\/es\/wp-json\/wp\/v2\/pages"}],"about":[{"href":"https:\/\/akuatroenergy.com\/es\/wp-json\/wp\/v2\/types\/page"}],"author":[{"embeddable":true,"href":"https:\/\/akuatroenergy.com\/es\/wp-json\/wp\/v2\/users\/1"}],"replies":[{"embeddable":true,"href":"https:\/\/akuatroenergy.com\/es\/wp-json\/wp\/v2\/comments?post=3395"}],"version-history":[{"count":1,"href":"https:\/\/akuatroenergy.com\/es\/wp-json\/wp\/v2\/pages\/3395\/revisions"}],"predecessor-version":[{"id":3396,"href":"https:\/\/akuatroenergy.com\/es\/wp-json\/wp\/v2\/pages\/3395\/revisions\/3396"}],"wp:attachment":[{"href":"https:\/\/akuatroenergy.com\/es\/wp-json\/wp\/v2\/media?parent=3395"}],"curies":[{"name":"wp","href":"https:\/\/api.w.org\/{rel}","templated":true}]}}